{"id":1300,"date":"2026-03-15T10:44:52","date_gmt":"2026-03-15T07:44:52","guid":{"rendered":"https:\/\/azkuruyemis.com.tr\/?post_type=product&#038;p=1300"},"modified":"2026-03-15T10:44:52","modified_gmt":"2026-03-15T07:44:52","slug":"%d9%81%d8%b3%d8%aa%d9%82-%d8%a8%d9%88%d8%b2-%d8%a3%d8%ae%d8%b6%d8%b1","status":"publish","type":"product","link":"https:\/\/azkuruyemis.com.tr\/ar\/urun\/%d9%81%d8%b3%d8%aa%d9%82-%d8%a8%d9%88%d8%b2-%d8%a3%d8%ae%d8%b6%d8%b1\/","title":{"rendered":"\u0641\u0633\u062a\u0642 \u0628\u0648\u0632 \u0623\u062e\u0636\u0631"},"content":{"rendered":"<p class=\"p1\" dir=\"rtl\">\u0641\u0633\u062a\u0642 \u0628\u0648\u0632 \u0627\u0644\u062d\u0644\u0628\u064a \u0647\u0648 \u0623\u062d\u062f \u0623\u0645\u064a\u0632 \u0648\u0623\u062c\u0648\u062f \u0623\u0646\u0648\u0627\u0639 \u0627\u0644\u0641\u0633\u062a\u0642 \u0627\u0644\u062d\u0644\u0628\u064a \u0627\u0644\u0630\u064a \u064a\u064f\u0639\u062f \u0645\u0646 \u0623\u0647\u0645 \u0627\u0644\u0645\u0646\u062a\u062c\u0627\u062a \u0627\u0644\u0632\u0631\u0627\u0639\u064a\u0629 \u0641\u064a \u062a\u0631\u0643\u064a\u0627. \u064a\u062a\u0645 \u062d\u0635\u0627\u062f \u0647\u0630\u0627 \u0627\u0644\u0646\u0648\u0639 \u0641\u064a \u0648\u0642\u062a \u0645\u0628\u0643\u0631 \u0645\u0646 \u0627\u0644\u0645\u0648\u0633\u0645\u060c \u0648\u064a\u062a\u0645\u064a\u0632 \u0628\u0646\u0643\u0647\u062a\u0647 \u0627\u0644\u0642\u0648\u064a\u0629 \u0648\u0644\u0648\u0646\u0647 \u0627\u0644\u0623\u062e\u0636\u0631 \u0627\u0644\u0632\u0627\u0647\u064a \u0648\u0631\u0627\u0626\u062d\u062a\u0647 \u0627\u0644\u063a\u0646\u064a\u0629\u060c \u0644\u0630\u0644\u0643 \u064a\u064f\u0639\u062f \u0645\u0646 \u0623\u0643\u062b\u0631 \u0623\u0646\u0648\u0627\u0639 \u0627\u0644\u0641\u0633\u062a\u0642 \u0627\u0633\u062a\u062e\u062f\u0627\u0645\u0627\u064b \u0641\u064a \u0635\u0646\u0627\u0639\u0629 \u0627\u0644\u062d\u0644\u0648\u064a\u0627\u062a. \u064a\u064f\u0632\u0631\u0639 \u0641\u0633\u062a\u0642 \u0628\u0648\u0632 \u0628\u0634\u0643\u0644 \u0623\u0633\u0627\u0633\u064a \u0641\u064a \u0645\u0646\u0637\u0642\u0629 \u063a\u0627\u0632\u064a \u0639\u0646\u062a\u0627\u0628\u060c \u0648\u064a\u062a\u0645\u064a\u0632 \u0628\u0644\u0648\u0646\u0647 \u0627\u0644\u0623\u062e\u0636\u0631 \u0627\u0644\u062f\u0627\u0643\u0646 \u0648\u0646\u0633\u0628\u0629 \u0627\u0644\u0632\u064a\u0648\u062a \u0627\u0644\u0639\u0627\u0644\u064a\u0629 \u0641\u064a \u062f\u0627\u062e\u0644\u0647\u060c \u0645\u0645\u0627 \u064a\u0645\u0646\u062d \u0627\u0644\u062d\u0644\u0648\u064a\u0627\u062a \u0646\u0643\u0647\u0629 \u0642\u0648\u064a\u0629 \u0648\u0645\u0638\u0647\u0631\u0627\u064b \u062c\u0645\u0627\u0644\u064a\u0627\u064b \u0645\u0645\u064a\u0632\u0627\u064b. \u0648\u0644\u0647\u0630\u0627 \u0627\u0644\u0633\u0628\u0628 \u064a\u0641\u0636\u0644\u0647 \u0635\u064f\u0646\u0651\u0627\u0639 \u0627\u0644\u0628\u0642\u0644\u0627\u0648\u0629 \u0628\u0634\u0643\u0644 \u062e\u0627\u0635. \u064a\u0633\u062a\u062e\u062f\u0645 \u0641\u0633\u062a\u0642 \u0628\u0648\u0632 \u063a\u0627\u0644\u0628\u0627\u064b \u0641\u064a \u0627\u0644\u0645\u062c\u0627\u0644\u0627\u062a \u0627\u0644\u062a\u0627\u0644\u064a\u0629: \u0635\u0646\u0627\u0639\u0629 \u0627\u0644\u0628\u0642\u0644\u0627\u0648\u0629 \u062d\u064a\u062b \u064a\u064f\u0639\u062f \u0645\u0646 \u0623\u062c\u0648\u062f \u0623\u0646\u0648\u0627\u0639 \u0627\u0644\u062d\u0634\u0648\u0627\u062a \u0627\u0644\u0645\u0633\u062a\u062e\u062f\u0645\u0629 \u0641\u064a \u0627\u0644\u0628\u0642\u0644\u0627\u0648\u0629 \u0627\u0644\u062a\u0642\u0644\u064a\u062f\u064a\u0629. \u062d\u0644\u0648\u064a\u0627\u062a \u0627\u0644\u0643\u0646\u0627\u0641\u0629 \u0648\u0627\u0644\u0643\u062f\u0627\u064a\u0641 \u062d\u064a\u062b \u064a\u0645\u0646\u062d\u0647\u0627 \u0646\u0643\u0647\u0629 \u063a\u0646\u064a\u0629 \u0648\u0645\u0645\u064a\u0632\u0629. \u0627\u0644\u062d\u0644\u0648\u064a\u0627\u062a \u0627\u0644\u0634\u0631\u0642\u064a\u0629 \u0648\u0627\u0644\u063a\u0631\u0628\u064a\u0629 \u0645\u062b\u0644 \u0627\u0644\u0643\u0639\u0643 \u0648\u0627\u0644\u0631\u0627\u062d\u0629 \u0627\u0644\u062a\u0631\u0643\u064a\u0629 \u0648\u0627\u0644\u0622\u064a\u0633 \u0643\u0631\u064a\u0645 \u0648\u0623\u0646\u0648\u0627\u0639 \u0627\u0644\u062d\u0644\u0648\u064a\u0627\u062a \u0627\u0644\u0645\u062e\u062a\u0644\u0641\u0629 \u062d\u064a\u062b \u064a\u0633\u062a\u062e\u062f\u0645 \u0644\u0644\u062d\u0634\u0648\u0629 \u0623\u0648 \u0627\u0644\u062a\u0632\u064a\u064a\u0646. \u0648\u0628\u0633\u0628\u0628 \u062d\u0635\u0627\u062f\u0647 \u0627\u0644\u0645\u0628\u0643\u0631 \u064a\u0643\u0648\u0646 \u0644\u0648\u0646\u0647 \u0623\u0643\u062b\u0631 \u0625\u0634\u0631\u0627\u0642\u0627\u064b \u0648\u0646\u0643\u0647\u062a\u0647 \u0623\u0642\u0648\u0649 \u0648\u0646\u0633\u0628\u0629 \u0627\u0644\u062f\u0647\u0648\u0646 \u0641\u064a\u0647 \u0623\u0639\u0644\u0649. \u0644\u0630\u0644\u0643 \u064a\u064f\u0639\u062a\u0628\u0631 \u0641\u0633\u062a\u0642 \u0628\u0648\u0632 \u0645\u0646 \u0623\u0639\u0644\u0649 \u062f\u0631\u062c\u0627\u062a \u0627\u0644\u0641\u0633\u062a\u0642 \u0627\u0644\u0645\u0633\u062a\u062e\u062f\u0645\u0629 \u0641\u064a \u0635\u0646\u0627\u0639\u0629 \u0627\u0644\u062d\u0644\u0648\u064a\u0627\u062a. \u0648\u0628\u0641\u0636\u0644 \u0638\u0631\u0648\u0641 \u0632\u0631\u0627\u0639\u062a\u0647 \u0627\u0644\u0637\u0628\u064a\u0639\u064a\u0629 \u0648\u063a\u0646\u0627\u0647 \u0628\u0627\u0644\u0645\u0639\u0627\u062f\u0646 \u0648\u0646\u0643\u0647\u062a\u0647 \u0627\u0644\u0645\u0645\u064a\u0632\u0629\u060c \u064a\u064f\u0639\u062f \u0641\u0633\u062a\u0642 \u0628\u0648\u0632 \u062e\u064a\u0627\u0631\u0627\u064b \u0623\u0633\u0627\u0633\u064a\u0627\u064b \u0644\u062f\u0649 \u0635\u064f\u0646\u0651\u0627\u0639 \u0627\u0644\u062d\u0644\u0648\u064a\u0627\u062a \u0627\u0644\u0645\u062d\u062a\u0631\u0641\u064a\u0646 \u0648\u0627\u0644\u0645\u0637\u0627\u0628\u062e \u0627\u0644\u0631\u0627\u0642\u064a\u0629.<\/p>\n","protected":false},"excerpt":{"rendered":"<p class=\"p1\" dir=\"rtl\">\u0641\u0633\u062a\u0642 \u0628\u0648\u0632 \u0647\u0648 \u0646\u0648\u0639 \u0645\u0645\u064a\u0632 \u0645\u0646 \u0627\u0644\u0641\u0633\u062a\u0642 \u0627\u0644\u062d\u0644\u0628\u064a \u064a\u062a\u0645 \u062d\u0635\u0627\u062f\u0647 \u0645\u0628\u0643\u0631\u0627\u064b \u0648\u064a\u0634\u062a\u0647\u0631 \u0628\u0646\u0643\u0647\u062a\u0647 \u0627\u0644\u0642\u0648\u064a\u0629. \u064a\u064f\u0633\u062a\u062e\u062f\u0645 \u0628\u0643\u062b\u0631\u0629 \u0641\u064a \u0635\u0646\u0627\u0639\u0629 \u0627\u0644\u062d\u0644\u0648\u064a\u0627\u062a \u0648\u064a\u064f\u0641\u0636\u0644 \u0645\u0646 \u0642\u0628\u0644 \u0627\u0644\u062d\u0631\u0641\u064a\u064a\u0646 \u0628\u0641\u0636\u0644 \u0644\u0648\u0646\u0647 \u0627\u0644\u0623\u062e\u0636\u0631 \u0627\u0644\u062f\u0627\u0643\u0646 \u0648\u0646\u0633\u0628\u0629 \u0627\u0644\u0632\u064a\u0648\u062a \u0627\u0644\u0639\u0627\u0644\u064a\u0629 \u0648\u0637\u0639\u0645\u0647 \u0627\u0644\u063a\u0646\u064a.<\/p>\n","protected":false},"featured_media":1297,"comment_status":"closed","ping_status":"closed","template":"","meta":{"_joinchat":[]},"product_brand":[],"product_cat":[522],"product_tag":[530,526,527,528,529,531],"class_list":{"0":"post-1300","1":"product","2":"type-product","3":"status-publish","4":"has-post-thumbnail","6":"product_cat-522","7":"product_tag-530","8":"product_tag-526","9":"product_tag-527","10":"product_tag-528","11":"product_tag-529","12":"product_tag-531","14":"first","15":"instock","16":"shipping-taxable","17":"product-type-simple","18":"prodpage-style2"},"yoast_head":"<!-- This site is optimized with the Yoast SEO plugin v27.1.1 - https:\/\/yoast.com\/product\/yoast-seo-wordpress\/ -->\n<title>\u0641\u0633\u062a\u0642 \u0628\u0648\u0632 \u0623\u062e\u0636\u0631 - Az Kuruyemi\u015f<\/title>\n<meta name=\"description\" content=\"\u0641\u0633\u062a\u0642 \u0628\u0648\u0632 \u0647\u0648 \u0646\u0648\u0639 \u0641\u0627\u062e\u0631 \u0645\u0646 \u0627\u0644\u0641\u0633\u062a\u0642 \u0627\u0644\u062d\u0644\u0628\u064a \u064a\u062a\u0645\u064a\u0632 \u0628\u0644\u0648\u0646\u0647 \u0627\u0644\u0623\u062e\u0636\u0631 \u0627\u0644\u062f\u0627\u0643\u0646 \u0648\u0646\u0633\u0628\u0629 \u0627\u0644\u0632\u064a\u0648\u062a \u0627\u0644\u0639\u0627\u0644\u064a\u0629\u060c \u0644\u0630\u0644\u0643 \u064a\u0641\u0636\u0644\u0647 \u0635\u0646\u0627\u0639 \u0627\u0644\u0628\u0642\u0644\u0627\u0648\u0629 \u0628\u0634\u0643\u0644 \u062e\u0627\u0635.\" \/>\n<meta name=\"robots\" content=\"index, follow, max-snippet:-1, max-image-preview:large, max-video-preview:-1\" \/>\n<link rel=\"canonical\" href=\"https:\/\/azkuruyemis.com.tr\/ar\/urun\/\u0641\u0633\u062a\u0642-\u0628\u0648\u0632-\u0623\u062e\u0636\u0631\/\" \/>\n<meta property=\"og:locale\" content=\"ar_AR\" \/>\n<meta property=\"og:type\" content=\"article\" \/>\n<meta property=\"og:title\" content=\"\u0641\u0633\u062a\u0642 \u0628\u0648\u0632 \u0623\u062e\u0636\u0631 - Az Kuruyemi\u015f\" \/>\n<meta property=\"og:description\" content=\"\u0641\u0633\u062a\u0642 \u0628\u0648\u0632 \u0647\u0648 \u0646\u0648\u0639 \u0641\u0627\u062e\u0631 \u0645\u0646 \u0627\u0644\u0641\u0633\u062a\u0642 \u0627\u0644\u062d\u0644\u0628\u064a \u064a\u062a\u0645\u064a\u0632 \u0628\u0644\u0648\u0646\u0647 \u0627\u0644\u0623\u062e\u0636\u0631 \u0627\u0644\u062f\u0627\u0643\u0646 \u0648\u0646\u0633\u0628\u0629 \u0627\u0644\u0632\u064a\u0648\u062a \u0627\u0644\u0639\u0627\u0644\u064a\u0629\u060c \u0644\u0630\u0644\u0643 \u064a\u0641\u0636\u0644\u0647 \u0635\u0646\u0627\u0639 \u0627\u0644\u0628\u0642\u0644\u0627\u0648\u0629 \u0628\u0634\u0643\u0644 \u062e\u0627\u0635.\" \/>\n<meta property=\"og:url\" content=\"https:\/\/azkuruyemis.com.tr\/ar\/urun\/\u0641\u0633\u062a\u0642-\u0628\u0648\u0632-\u0623\u062e\u0636\u0631\/\" \/>\n<meta property=\"og:site_name\" content=\"Az Kuruyemi\u015f\" \/>\n<meta property=\"og:image\" content=\"https:\/\/azkuruyemis.com.tr\/wp-content\/uploads\/boz-antep-fistigi-aynuts.webp\" \/>\n\t<meta property=\"og:image:width\" content=\"850\" \/>\n\t<meta property=\"og:image:height\" content=\"849\" \/>\n\t<meta property=\"og:image:type\" content=\"image\/webp\" \/>\n<meta name=\"twitter:card\" content=\"summary_large_image\" \/>\n<meta name=\"twitter:label1\" content=\"\u0648\u0642\u062a \u0627\u0644\u0642\u0631\u0627\u0621\u0629 \u0627\u0644\u0645\u064f\u0642\u062f\u0651\u0631\" \/>\n\t<meta name=\"twitter:data1\" content=\"\u062f\u0642\u064a\u0642\u062a\u0627\u0646\" \/>\n<script type=\"application\/ld+json\" class=\"yoast-schema-graph\">{\"@context\":\"https:\/\/schema.org\",\"@graph\":[{\"@type\":\"WebPage\",\"@id\":\"https:\/\/azkuruyemis.com.tr\/ar\/urun\/%d9%81%d8%b3%d8%aa%d9%82-%d8%a8%d9%88%d8%b2-%d8%a3%d8%ae%d8%b6%d8%b1\/\",\"url\":\"https:\/\/azkuruyemis.com.tr\/ar\/urun\/%d9%81%d8%b3%d8%aa%d9%82-%d8%a8%d9%88%d8%b2-%d8%a3%d8%ae%d8%b6%d8%b1\/\",\"name\":\"\u0641\u0633\u062a\u0642 \u0628\u0648\u0632 \u0623\u062e\u0636\u0631 - Az Kuruyemi\u015f\",\"isPartOf\":{\"@id\":\"https:\/\/azkuruyemis.com.tr\/#website\"},\"primaryImageOfPage\":{\"@id\":\"https:\/\/azkuruyemis.com.tr\/ar\/urun\/%d9%81%d8%b3%d8%aa%d9%82-%d8%a8%d9%88%d8%b2-%d8%a3%d8%ae%d8%b6%d8%b1\/#primaryimage\"},\"image\":{\"@id\":\"https:\/\/azkuruyemis.com.tr\/ar\/urun\/%d9%81%d8%b3%d8%aa%d9%82-%d8%a8%d9%88%d8%b2-%d8%a3%d8%ae%d8%b6%d8%b1\/#primaryimage\"},\"thumbnailUrl\":\"https:\/\/azkuruyemis.com.tr\/wp-content\/uploads\/boz-antep-fistigi-aynuts.webp\",\"datePublished\":\"2026-03-15T07:44:52+00:00\",\"description\":\"\u0641\u0633\u062a\u0642 \u0628\u0648\u0632 \u0647\u0648 \u0646\u0648\u0639 \u0641\u0627\u062e\u0631 \u0645\u0646 \u0627\u0644\u0641\u0633\u062a\u0642 \u0627\u0644\u062d\u0644\u0628\u064a \u064a\u062a\u0645\u064a\u0632 \u0628\u0644\u0648\u0646\u0647 \u0627\u0644\u0623\u062e\u0636\u0631 \u0627\u0644\u062f\u0627\u0643\u0646 \u0648\u0646\u0633\u0628\u0629 \u0627\u0644\u0632\u064a\u0648\u062a \u0627\u0644\u0639\u0627\u0644\u064a\u0629\u060c \u0644\u0630\u0644\u0643 \u064a\u0641\u0636\u0644\u0647 \u0635\u0646\u0627\u0639 \u0627\u0644\u0628\u0642\u0644\u0627\u0648\u0629 \u0628\u0634\u0643\u0644 \u062e\u0627\u0635.\",\"breadcrumb\":{\"@id\":\"https:\/\/azkuruyemis.com.tr\/ar\/urun\/%d9%81%d8%b3%d8%aa%d9%82-%d8%a8%d9%88%d8%b2-%d8%a3%d8%ae%d8%b6%d8%b1\/#breadcrumb\"},\"inLanguage\":\"ar\",\"potentialAction\":[{\"@type\":\"ReadAction\",\"target\":[\"https:\/\/azkuruyemis.com.tr\/ar\/urun\/%d9%81%d8%b3%d8%aa%d9%82-%d8%a8%d9%88%d8%b2-%d8%a3%d8%ae%d8%b6%d8%b1\/\"]}]},{\"@type\":\"ImageObject\",\"inLanguage\":\"ar\",\"@id\":\"https:\/\/azkuruyemis.com.tr\/ar\/urun\/%d9%81%d8%b3%d8%aa%d9%82-%d8%a8%d9%88%d8%b2-%d8%a3%d8%ae%d8%b6%d8%b1\/#primaryimage\",\"url\":\"https:\/\/azkuruyemis.com.tr\/wp-content\/uploads\/boz-antep-fistigi-aynuts.webp\",\"contentUrl\":\"https:\/\/azkuruyemis.com.tr\/wp-content\/uploads\/boz-antep-fistigi-aynuts.webp\",\"width\":850,\"height\":849,\"caption\":\"Baklaval\u0131k f\u0131st\u0131k\"},{\"@type\":\"BreadcrumbList\",\"@id\":\"https:\/\/azkuruyemis.com.tr\/ar\/urun\/%d9%81%d8%b3%d8%aa%d9%82-%d8%a8%d9%88%d8%b2-%d8%a3%d8%ae%d8%b6%d8%b1\/#breadcrumb\",\"itemListElement\":[{\"@type\":\"ListItem\",\"position\":1,\"name\":\"Home\",\"item\":\"https:\/\/azkuruyemis.com.tr\/ar\/\"},{\"@type\":\"ListItem\",\"position\":2,\"name\":\"Ma\u011faza\",\"item\":\"https:\/\/azkuruyemis.com.tr\/magaza\/\"},{\"@type\":\"ListItem\",\"position\":3,\"name\":\"\u0641\u0633\u062a\u0642 \u0628\u0648\u0632 \u0623\u062e\u0636\u0631\"}]},{\"@type\":\"WebSite\",\"@id\":\"https:\/\/azkuruyemis.com.tr\/#website\",\"url\":\"https:\/\/azkuruyemis.com.tr\/\",\"name\":\"Az Kuruyemi\u015f\",\"description\":\"Az Kuruyemi\u015f\",\"potentialAction\":[{\"@type\":\"SearchAction\",\"target\":{\"@type\":\"EntryPoint\",\"urlTemplate\":\"https:\/\/azkuruyemis.com.tr\/?s={search_term_string}\"},\"query-input\":{\"@type\":\"PropertyValueSpecification\",\"valueRequired\":true,\"valueName\":\"search_term_string\"}}],\"inLanguage\":\"ar\"}]}<\/script>\n<!-- \/ Yoast SEO plugin. -->","yoast_head_json":{"title":"\u0641\u0633\u062a\u0642 \u0628\u0648\u0632 \u0623\u062e\u0636\u0631 - Az Kuruyemi\u015f","description":"\u0641\u0633\u062a\u0642 \u0628\u0648\u0632 \u0647\u0648 \u0646\u0648\u0639 \u0641\u0627\u062e\u0631 \u0645\u0646 \u0627\u0644\u0641\u0633\u062a\u0642 \u0627\u0644\u062d\u0644\u0628\u064a \u064a\u062a\u0645\u064a\u0632 \u0628\u0644\u0648\u0646\u0647 \u0627\u0644\u0623\u062e\u0636\u0631 \u0627\u0644\u062f\u0627\u0643\u0646 \u0648\u0646\u0633\u0628\u0629 \u0627\u0644\u0632\u064a\u0648\u062a \u0627\u0644\u0639\u0627\u0644\u064a\u0629\u060c \u0644\u0630\u0644\u0643 \u064a\u0641\u0636\u0644\u0647 \u0635\u0646\u0627\u0639 \u0627\u0644\u0628\u0642\u0644\u0627\u0648\u0629 \u0628\u0634\u0643\u0644 \u062e\u0627\u0635.","robots":{"index":"index","follow":"follow","max-snippet":"max-snippet:-1","max-image-preview":"max-image-preview:large","max-video-preview":"max-video-preview:-1"},"canonical":"https:\/\/azkuruyemis.com.tr\/ar\/urun\/\u0641\u0633\u062a\u0642-\u0628\u0648\u0632-\u0623\u062e\u0636\u0631\/","og_locale":"ar_AR","og_type":"article","og_title":"\u0641\u0633\u062a\u0642 \u0628\u0648\u0632 \u0623\u062e\u0636\u0631 - Az Kuruyemi\u015f","og_description":"\u0641\u0633\u062a\u0642 \u0628\u0648\u0632 \u0647\u0648 \u0646\u0648\u0639 \u0641\u0627\u062e\u0631 \u0645\u0646 \u0627\u0644\u0641\u0633\u062a\u0642 \u0627\u0644\u062d\u0644\u0628\u064a \u064a\u062a\u0645\u064a\u0632 \u0628\u0644\u0648\u0646\u0647 \u0627\u0644\u0623\u062e\u0636\u0631 \u0627\u0644\u062f\u0627\u0643\u0646 \u0648\u0646\u0633\u0628\u0629 \u0627\u0644\u0632\u064a\u0648\u062a \u0627\u0644\u0639\u0627\u0644\u064a\u0629\u060c \u0644\u0630\u0644\u0643 \u064a\u0641\u0636\u0644\u0647 \u0635\u0646\u0627\u0639 \u0627\u0644\u0628\u0642\u0644\u0627\u0648\u0629 \u0628\u0634\u0643\u0644 \u062e\u0627\u0635.","og_url":"https:\/\/azkuruyemis.com.tr\/ar\/urun\/\u0641\u0633\u062a\u0642-\u0628\u0648\u0632-\u0623\u062e\u0636\u0631\/","og_site_name":"Az Kuruyemi\u015f","og_image":[{"width":850,"height":849,"url":"https:\/\/azkuruyemis.com.tr\/wp-content\/uploads\/boz-antep-fistigi-aynuts.webp","type":"image\/webp"}],"twitter_card":"summary_large_image","twitter_misc":{"\u0648\u0642\u062a \u0627\u0644\u0642\u0631\u0627\u0621\u0629 \u0627\u0644\u0645\u064f\u0642\u062f\u0651\u0631":"\u062f\u0642\u064a\u0642\u062a\u0627\u0646"},"schema":{"@context":"https:\/\/schema.org","@graph":[{"@type":"WebPage","@id":"https:\/\/azkuruyemis.com.tr\/ar\/urun\/%d9%81%d8%b3%d8%aa%d9%82-%d8%a8%d9%88%d8%b2-%d8%a3%d8%ae%d8%b6%d8%b1\/","url":"https:\/\/azkuruyemis.com.tr\/ar\/urun\/%d9%81%d8%b3%d8%aa%d9%82-%d8%a8%d9%88%d8%b2-%d8%a3%d8%ae%d8%b6%d8%b1\/","name":"\u0641\u0633\u062a\u0642 \u0628\u0648\u0632 \u0623\u062e\u0636\u0631 - Az Kuruyemi\u015f","isPartOf":{"@id":"https:\/\/azkuruyemis.com.tr\/#website"},"primaryImageOfPage":{"@id":"https:\/\/azkuruyemis.com.tr\/ar\/urun\/%d9%81%d8%b3%d8%aa%d9%82-%d8%a8%d9%88%d8%b2-%d8%a3%d8%ae%d8%b6%d8%b1\/#primaryimage"},"image":{"@id":"https:\/\/azkuruyemis.com.tr\/ar\/urun\/%d9%81%d8%b3%d8%aa%d9%82-%d8%a8%d9%88%d8%b2-%d8%a3%d8%ae%d8%b6%d8%b1\/#primaryimage"},"thumbnailUrl":"https:\/\/azkuruyemis.com.tr\/wp-content\/uploads\/boz-antep-fistigi-aynuts.webp","datePublished":"2026-03-15T07:44:52+00:00","description":"\u0641\u0633\u062a\u0642 \u0628\u0648\u0632 \u0647\u0648 \u0646\u0648\u0639 \u0641\u0627\u062e\u0631 \u0645\u0646 \u0627\u0644\u0641\u0633\u062a\u0642 \u0627\u0644\u062d\u0644\u0628\u064a \u064a\u062a\u0645\u064a\u0632 \u0628\u0644\u0648\u0646\u0647 \u0627\u0644\u0623\u062e\u0636\u0631 \u0627\u0644\u062f\u0627\u0643\u0646 \u0648\u0646\u0633\u0628\u0629 \u0627\u0644\u0632\u064a\u0648\u062a \u0627\u0644\u0639\u0627\u0644\u064a\u0629\u060c \u0644\u0630\u0644\u0643 \u064a\u0641\u0636\u0644\u0647 \u0635\u0646\u0627\u0639 \u0627\u0644\u0628\u0642\u0644\u0627\u0648\u0629 \u0628\u0634\u0643\u0644 \u062e\u0627\u0635.","breadcrumb":{"@id":"https:\/\/azkuruyemis.com.tr\/ar\/urun\/%d9%81%d8%b3%d8%aa%d9%82-%d8%a8%d9%88%d8%b2-%d8%a3%d8%ae%d8%b6%d8%b1\/#breadcrumb"},"inLanguage":"ar","potentialAction":[{"@type":"ReadAction","target":["https:\/\/azkuruyemis.com.tr\/ar\/urun\/%d9%81%d8%b3%d8%aa%d9%82-%d8%a8%d9%88%d8%b2-%d8%a3%d8%ae%d8%b6%d8%b1\/"]}]},{"@type":"ImageObject","inLanguage":"ar","@id":"https:\/\/azkuruyemis.com.tr\/ar\/urun\/%d9%81%d8%b3%d8%aa%d9%82-%d8%a8%d9%88%d8%b2-%d8%a3%d8%ae%d8%b6%d8%b1\/#primaryimage","url":"https:\/\/azkuruyemis.com.tr\/wp-content\/uploads\/boz-antep-fistigi-aynuts.webp","contentUrl":"https:\/\/azkuruyemis.com.tr\/wp-content\/uploads\/boz-antep-fistigi-aynuts.webp","width":850,"height":849,"caption":"Baklaval\u0131k f\u0131st\u0131k"},{"@type":"BreadcrumbList","@id":"https:\/\/azkuruyemis.com.tr\/ar\/urun\/%d9%81%d8%b3%d8%aa%d9%82-%d8%a8%d9%88%d8%b2-%d8%a3%d8%ae%d8%b6%d8%b1\/#breadcrumb","itemListElement":[{"@type":"ListItem","position":1,"name":"Home","item":"https:\/\/azkuruyemis.com.tr\/ar\/"},{"@type":"ListItem","position":2,"name":"Ma\u011faza","item":"https:\/\/azkuruyemis.com.tr\/magaza\/"},{"@type":"ListItem","position":3,"name":"\u0641\u0633\u062a\u0642 \u0628\u0648\u0632 \u0623\u062e\u0636\u0631"}]},{"@type":"WebSite","@id":"https:\/\/azkuruyemis.com.tr\/#website","url":"https:\/\/azkuruyemis.com.tr\/","name":"Az Kuruyemi\u015f","description":"Az Kuruyemi\u015f","potentialAction":[{"@type":"SearchAction","target":{"@type":"EntryPoint","urlTemplate":"https:\/\/azkuruyemis.com.tr\/?s={search_term_string}"},"query-input":{"@type":"PropertyValueSpecification","valueRequired":true,"valueName":"search_term_string"}}],"inLanguage":"ar"}]}},"_links":{"self":[{"href":"https:\/\/azkuruyemis.com.tr\/ar\/wp-json\/wp\/v2\/product\/1300","targetHints":{"allow":["GET"]}}],"collection":[{"href":"https:\/\/azkuruyemis.com.tr\/ar\/wp-json\/wp\/v2\/product"}],"about":[{"href":"https:\/\/azkuruyemis.com.tr\/ar\/wp-json\/wp\/v2\/types\/product"}],"replies":[{"embeddable":true,"href":"https:\/\/azkuruyemis.com.tr\/ar\/wp-json\/wp\/v2\/comments?post=1300"}],"wp:featuredmedia":[{"embeddable":true,"href":"https:\/\/azkuruyemis.com.tr\/ar\/wp-json\/wp\/v2\/media\/1297"}],"wp:attachment":[{"href":"https:\/\/azkuruyemis.com.tr\/ar\/wp-json\/wp\/v2\/media?parent=1300"}],"wp:term":[{"taxonomy":"product_brand","embeddable":true,"href":"https:\/\/azkuruyemis.com.tr\/ar\/wp-json\/wp\/v2\/product_brand?post=1300"},{"taxonomy":"product_cat","embeddable":true,"href":"https:\/\/azkuruyemis.com.tr\/ar\/wp-json\/wp\/v2\/product_cat?post=1300"},{"taxonomy":"product_tag","embeddable":true,"href":"https:\/\/azkuruyemis.com.tr\/ar\/wp-json\/wp\/v2\/product_tag?post=1300"}],"curies":[{"name":"wp","href":"https:\/\/api.w.org\/{rel}","templated":true}]}}