{"id":1227,"date":"2021-02-16T17:25:26","date_gmt":"2021-02-17T12:50:47","guid":{"rendered":"https:\/\/azkuruyemis.com.tr\/urun\/%d9%81%d8%b3%d8%aa%d9%82\/"},"modified":"2021-02-17T15:50:47","modified_gmt":"2021-02-17T12:50:47","slug":"%d9%81%d8%b3%d8%aa%d9%82","status":"publish","type":"product","link":"https:\/\/azkuruyemis.com.tr\/ar\/urun\/%d9%81%d8%b3%d8%aa%d9%82\/","title":{"rendered":"\u0641\u0633\u062a\u0642"},"content":{"rendered":"","protected":false},"excerpt":{"rendered":"<p>\u0647\u064a \u0641\u0627\u0643\u0647\u0629 \u0642\u0634\u0648\u0631 \u062a\u0646\u0645\u0648 \u0639\u0644\u0649 \u0634\u062c\u0631\u0629 \u0627\u0644\u0641\u0633\u062a\u0642. \u0639\u0646\u062f\u0645\u0627 \u062a\u0646\u0636\u062c \u0623\u0632\u0647\u0627\u0631 \u0634\u062c\u0631\u0629 \u0627\u0644\u0641\u0633\u062a\u0642 \u0627\u0644\u0645\u062a\u0641\u062a\u062d\u0629 \u060c \u0648\u0647\u064a \u0639\u0636\u0648 \u0641\u064a \u0639\u0627\u0626\u0644\u0629 Sak\u0131za\u011fac\u0131 \u060c \u0641\u0625\u0646\u0647\u0627 \u062a\u0646\u062a\u062c \u062b\u0645\u0627\u0631\u064b\u0627 \u0628\u0637\u0648\u0644 2-2.5 \u0633\u0645 \u060c \u0645\u0639 \u0642\u0634\u0631\u0629 \u062d\u0645\u0631\u0627\u0621 \u0648\u0646\u0627\u0639\u0645\u0629 \u0645\u0646 \u0627\u0644\u062e\u0627\u0631\u062c \u060c \u0648\u0642\u0634\u0631\u0629 \u0635\u0644\u0628\u0629 \u0645\u0646 \u0627\u0644\u062f\u0627\u062e\u0644 \u060c \u0648\u0645\u0644\u0648\u0646\u0629 \u062f\u0627\u062e\u0644 \u0647\u0630\u0647 \u0627\u0644\u0642\u0630\u064a\u0641\u0629.<\/p>\n","protected":false},"featured_media":1096,"comment_status":"closed","ping_status":"closed","template":"","meta":{"_joinchat":[]},"product_brand":[],"product_cat":[522],"product_tag":[],"class_list":{"0":"post-1227","1":"product","2":"type-product","3":"status-publish","4":"has-post-thumbnail","6":"product_cat-522","8":"first","9":"instock","10":"shipping-taxable","11":"product-type-simple","12":"prodpage-style2"},"yoast_head":"<!-- This site is optimized with the Yoast SEO plugin v27.1.1 - https:\/\/yoast.com\/product\/yoast-seo-wordpress\/ -->\n<title>\u0641\u0633\u062a\u0642 - Az Kuruyemi\u015f<\/title>\n<meta name=\"robots\" content=\"index, follow, max-snippet:-1, max-image-preview:large, max-video-preview:-1\" \/>\n<link rel=\"canonical\" href=\"https:\/\/azkuruyemis.com.tr\/ar\/\u0646\u062a\u0627\u062c\/\u0641\u0633\u062a\u0642\/\" \/>\n<meta property=\"og:locale\" content=\"ar_AR\" \/>\n<meta property=\"og:type\" content=\"article\" \/>\n<meta property=\"og:title\" content=\"\u0641\u0633\u062a\u0642 - Az Kuruyemi\u015f\" \/>\n<meta property=\"og:description\" content=\"\u0647\u064a \u0641\u0627\u0643\u0647\u0629 \u0642\u0634\u0648\u0631 \u062a\u0646\u0645\u0648 \u0639\u0644\u0649 \u0634\u062c\u0631\u0629 \u0627\u0644\u0641\u0633\u062a\u0642. \u0639\u0646\u062f\u0645\u0627 \u062a\u0646\u0636\u062c \u0623\u0632\u0647\u0627\u0631 \u0634\u062c\u0631\u0629 \u0627\u0644\u0641\u0633\u062a\u0642 \u0627\u0644\u0645\u062a\u0641\u062a\u062d\u0629 \u060c \u0648\u0647\u064a \u0639\u0636\u0648 \u0641\u064a \u0639\u0627\u0626\u0644\u0629 Sak\u0131za\u011fac\u0131 \u060c \u0641\u0625\u0646\u0647\u0627 \u062a\u0646\u062a\u062c \u062b\u0645\u0627\u0631\u064b\u0627 \u0628\u0637\u0648\u0644 2-2.5 \u0633\u0645 \u060c \u0645\u0639 \u0642\u0634\u0631\u0629 \u062d\u0645\u0631\u0627\u0621 \u0648\u0646\u0627\u0639\u0645\u0629 \u0645\u0646 \u0627\u0644\u062e\u0627\u0631\u062c \u060c \u0648\u0642\u0634\u0631\u0629 \u0635\u0644\u0628\u0629 \u0645\u0646 \u0627\u0644\u062f\u0627\u062e\u0644 \u060c \u0648\u0645\u0644\u0648\u0646\u0629 \u062f\u0627\u062e\u0644 \u0647\u0630\u0647 \u0627\u0644\u0642\u0630\u064a\u0641\u0629.\" \/>\n<meta property=\"og:url\" content=\"https:\/\/azkuruyemis.com.tr\/ar\/\u0646\u062a\u0627\u062c\/\u0641\u0633\u062a\u0642\/\" \/>\n<meta property=\"og:site_name\" content=\"Az Kuruyemi\u015f\" \/>\n<meta property=\"og:image\" content=\"https:\/\/azkuruyemis.com.tr\/wp-content\/uploads\/antep-fistigi-main.png\" \/>\n\t<meta property=\"og:image:width\" content=\"360\" \/>\n\t<meta property=\"og:image:height\" content=\"360\" \/>\n\t<meta property=\"og:image:type\" content=\"image\/png\" \/>\n<meta name=\"twitter:card\" content=\"summary_large_image\" \/>\n<script type=\"application\/ld+json\" class=\"yoast-schema-graph\">{\"@context\":\"https:\/\/schema.org\",\"@graph\":[{\"@type\":\"WebPage\",\"@id\":\"https:\/\/azkuruyemis.com.tr\/ar\/\u0646\u062a\u0627\u062c\/%d9%81%d8%b3%d8%aa%d9%82\/\",\"url\":\"https:\/\/azkuruyemis.com.tr\/ar\/\u0646\u062a\u0627\u062c\/%d9%81%d8%b3%d8%aa%d9%82\/\",\"name\":\"\u0641\u0633\u062a\u0642 - Az Kuruyemi\u015f\",\"isPartOf\":{\"@id\":\"https:\/\/azkuruyemis.com.tr\/#website\"},\"primaryImageOfPage\":{\"@id\":\"https:\/\/azkuruyemis.com.tr\/ar\/\u0646\u062a\u0627\u062c\/%d9%81%d8%b3%d8%aa%d9%82\/#primaryimage\"},\"image\":{\"@id\":\"https:\/\/azkuruyemis.com.tr\/ar\/\u0646\u062a\u0627\u062c\/%d9%81%d8%b3%d8%aa%d9%82\/#primaryimage\"},\"thumbnailUrl\":\"https:\/\/azkuruyemis.com.tr\/wp-content\/uploads\/antep-fistigi-main.png\",\"datePublished\":\"2021-02-17T12:50:47+00:00\",\"breadcrumb\":{\"@id\":\"https:\/\/azkuruyemis.com.tr\/ar\/\u0646\u062a\u0627\u062c\/%d9%81%d8%b3%d8%aa%d9%82\/#breadcrumb\"},\"inLanguage\":\"ar\",\"potentialAction\":[{\"@type\":\"ReadAction\",\"target\":[\"https:\/\/azkuruyemis.com.tr\/ar\/\u0646\u062a\u0627\u062c\/%d9%81%d8%b3%d8%aa%d9%82\/\"]}]},{\"@type\":\"ImageObject\",\"inLanguage\":\"ar\",\"@id\":\"https:\/\/azkuruyemis.com.tr\/ar\/\u0646\u062a\u0627\u062c\/%d9%81%d8%b3%d8%aa%d9%82\/#primaryimage\",\"url\":\"https:\/\/azkuruyemis.com.tr\/wp-content\/uploads\/antep-fistigi-main.png\",\"contentUrl\":\"https:\/\/azkuruyemis.com.tr\/wp-content\/uploads\/antep-fistigi-main.png\",\"width\":360,\"height\":360,\"caption\":\"\u0641\u0633\u062a\u0642\"},{\"@type\":\"BreadcrumbList\",\"@id\":\"https:\/\/azkuruyemis.com.tr\/ar\/\u0646\u062a\u0627\u062c\/%d9%81%d8%b3%d8%aa%d9%82\/#breadcrumb\",\"itemListElement\":[{\"@type\":\"ListItem\",\"position\":1,\"name\":\"Home\",\"item\":\"https:\/\/azkuruyemis.com.tr\/ar\/\"},{\"@type\":\"ListItem\",\"position\":2,\"name\":\"Ma\u011faza\",\"item\":\"https:\/\/azkuruyemis.com.tr\/magaza\/\"},{\"@type\":\"ListItem\",\"position\":3,\"name\":\"\u0641\u0633\u062a\u0642\"}]},{\"@type\":\"WebSite\",\"@id\":\"https:\/\/azkuruyemis.com.tr\/#website\",\"url\":\"https:\/\/azkuruyemis.com.tr\/\",\"name\":\"Az Kuruyemi\u015f\",\"description\":\"Az Kuruyemi\u015f\",\"potentialAction\":[{\"@type\":\"SearchAction\",\"target\":{\"@type\":\"EntryPoint\",\"urlTemplate\":\"https:\/\/azkuruyemis.com.tr\/?s={search_term_string}\"},\"query-input\":{\"@type\":\"PropertyValueSpecification\",\"valueRequired\":true,\"valueName\":\"search_term_string\"}}],\"inLanguage\":\"ar\"}]}<\/script>\n<!-- \/ Yoast SEO plugin. -->","yoast_head_json":{"title":"\u0641\u0633\u062a\u0642 - Az Kuruyemi\u015f","robots":{"index":"index","follow":"follow","max-snippet":"max-snippet:-1","max-image-preview":"max-image-preview:large","max-video-preview":"max-video-preview:-1"},"canonical":"https:\/\/azkuruyemis.com.tr\/ar\/\u0646\u062a\u0627\u062c\/\u0641\u0633\u062a\u0642\/","og_locale":"ar_AR","og_type":"article","og_title":"\u0641\u0633\u062a\u0642 - Az Kuruyemi\u015f","og_description":"\u0647\u064a \u0641\u0627\u0643\u0647\u0629 \u0642\u0634\u0648\u0631 \u062a\u0646\u0645\u0648 \u0639\u0644\u0649 \u0634\u062c\u0631\u0629 \u0627\u0644\u0641\u0633\u062a\u0642. \u0639\u0646\u062f\u0645\u0627 \u062a\u0646\u0636\u062c \u0623\u0632\u0647\u0627\u0631 \u0634\u062c\u0631\u0629 \u0627\u0644\u0641\u0633\u062a\u0642 \u0627\u0644\u0645\u062a\u0641\u062a\u062d\u0629 \u060c \u0648\u0647\u064a \u0639\u0636\u0648 \u0641\u064a \u0639\u0627\u0626\u0644\u0629 Sak\u0131za\u011fac\u0131 \u060c \u0641\u0625\u0646\u0647\u0627 \u062a\u0646\u062a\u062c \u062b\u0645\u0627\u0631\u064b\u0627 \u0628\u0637\u0648\u0644 2-2.5 \u0633\u0645 \u060c \u0645\u0639 \u0642\u0634\u0631\u0629 \u062d\u0645\u0631\u0627\u0621 \u0648\u0646\u0627\u0639\u0645\u0629 \u0645\u0646 \u0627\u0644\u062e\u0627\u0631\u062c \u060c \u0648\u0642\u0634\u0631\u0629 \u0635\u0644\u0628\u0629 \u0645\u0646 \u0627\u0644\u062f\u0627\u062e\u0644 \u060c \u0648\u0645\u0644\u0648\u0646\u0629 \u062f\u0627\u062e\u0644 \u0647\u0630\u0647 \u0627\u0644\u0642\u0630\u064a\u0641\u0629.","og_url":"https:\/\/azkuruyemis.com.tr\/ar\/\u0646\u062a\u0627\u062c\/\u0641\u0633\u062a\u0642\/","og_site_name":"Az Kuruyemi\u015f","og_image":[{"width":360,"height":360,"url":"https:\/\/azkuruyemis.com.tr\/wp-content\/uploads\/antep-fistigi-main.png","type":"image\/png"}],"twitter_card":"summary_large_image","schema":{"@context":"https:\/\/schema.org","@graph":[{"@type":"WebPage","@id":"https:\/\/azkuruyemis.com.tr\/ar\/\u0646\u062a\u0627\u062c\/%d9%81%d8%b3%d8%aa%d9%82\/","url":"https:\/\/azkuruyemis.com.tr\/ar\/\u0646\u062a\u0627\u062c\/%d9%81%d8%b3%d8%aa%d9%82\/","name":"\u0641\u0633\u062a\u0642 - Az Kuruyemi\u015f","isPartOf":{"@id":"https:\/\/azkuruyemis.com.tr\/#website"},"primaryImageOfPage":{"@id":"https:\/\/azkuruyemis.com.tr\/ar\/\u0646\u062a\u0627\u062c\/%d9%81%d8%b3%d8%aa%d9%82\/#primaryimage"},"image":{"@id":"https:\/\/azkuruyemis.com.tr\/ar\/\u0646\u062a\u0627\u062c\/%d9%81%d8%b3%d8%aa%d9%82\/#primaryimage"},"thumbnailUrl":"https:\/\/azkuruyemis.com.tr\/wp-content\/uploads\/antep-fistigi-main.png","datePublished":"2021-02-17T12:50:47+00:00","breadcrumb":{"@id":"https:\/\/azkuruyemis.com.tr\/ar\/\u0646\u062a\u0627\u062c\/%d9%81%d8%b3%d8%aa%d9%82\/#breadcrumb"},"inLanguage":"ar","potentialAction":[{"@type":"ReadAction","target":["https:\/\/azkuruyemis.com.tr\/ar\/\u0646\u062a\u0627\u062c\/%d9%81%d8%b3%d8%aa%d9%82\/"]}]},{"@type":"ImageObject","inLanguage":"ar","@id":"https:\/\/azkuruyemis.com.tr\/ar\/\u0646\u062a\u0627\u062c\/%d9%81%d8%b3%d8%aa%d9%82\/#primaryimage","url":"https:\/\/azkuruyemis.com.tr\/wp-content\/uploads\/antep-fistigi-main.png","contentUrl":"https:\/\/azkuruyemis.com.tr\/wp-content\/uploads\/antep-fistigi-main.png","width":360,"height":360,"caption":"\u0641\u0633\u062a\u0642"},{"@type":"BreadcrumbList","@id":"https:\/\/azkuruyemis.com.tr\/ar\/\u0646\u062a\u0627\u062c\/%d9%81%d8%b3%d8%aa%d9%82\/#breadcrumb","itemListElement":[{"@type":"ListItem","position":1,"name":"Home","item":"https:\/\/azkuruyemis.com.tr\/ar\/"},{"@type":"ListItem","position":2,"name":"Ma\u011faza","item":"https:\/\/azkuruyemis.com.tr\/magaza\/"},{"@type":"ListItem","position":3,"name":"\u0641\u0633\u062a\u0642"}]},{"@type":"WebSite","@id":"https:\/\/azkuruyemis.com.tr\/#website","url":"https:\/\/azkuruyemis.com.tr\/","name":"Az Kuruyemi\u015f","description":"Az Kuruyemi\u015f","potentialAction":[{"@type":"SearchAction","target":{"@type":"EntryPoint","urlTemplate":"https:\/\/azkuruyemis.com.tr\/?s={search_term_string}"},"query-input":{"@type":"PropertyValueSpecification","valueRequired":true,"valueName":"search_term_string"}}],"inLanguage":"ar"}]}},"_links":{"self":[{"href":"https:\/\/azkuruyemis.com.tr\/ar\/wp-json\/wp\/v2\/product\/1227","targetHints":{"allow":["GET"]}}],"collection":[{"href":"https:\/\/azkuruyemis.com.tr\/ar\/wp-json\/wp\/v2\/product"}],"about":[{"href":"https:\/\/azkuruyemis.com.tr\/ar\/wp-json\/wp\/v2\/types\/product"}],"replies":[{"embeddable":true,"href":"https:\/\/azkuruyemis.com.tr\/ar\/wp-json\/wp\/v2\/comments?post=1227"}],"wp:featuredmedia":[{"embeddable":true,"href":"https:\/\/azkuruyemis.com.tr\/ar\/wp-json\/wp\/v2\/media\/1096"}],"wp:attachment":[{"href":"https:\/\/azkuruyemis.com.tr\/ar\/wp-json\/wp\/v2\/media?parent=1227"}],"wp:term":[{"taxonomy":"product_brand","embeddable":true,"href":"https:\/\/azkuruyemis.com.tr\/ar\/wp-json\/wp\/v2\/product_brand?post=1227"},{"taxonomy":"product_cat","embeddable":true,"href":"https:\/\/azkuruyemis.com.tr\/ar\/wp-json\/wp\/v2\/product_cat?post=1227"},{"taxonomy":"product_tag","embeddable":true,"href":"https:\/\/azkuruyemis.com.tr\/ar\/wp-json\/wp\/v2\/product_tag?post=1227"}],"curies":[{"name":"wp","href":"https:\/\/api.w.org\/{rel}","templated":true}]}}